{"id":736,"date":"2026-01-16T17:55:39","date_gmt":"2026-01-16T16:55:39","guid":{"rendered":"https:\/\/temporaire-locavert.fr\/index.php\/divine-grace-service-single\/"},"modified":"2026-01-27T14:27:53","modified_gmt":"2026-01-27T13:27:53","slug":"actualites","status":"publish","type":"page","link":"https:\/\/temporaire-locavert.fr\/index.php\/actualites\/","title":{"rendered":"Actualit\u00e9s"},"content":{"rendered":"\t\t<div data-elementor-type=\"wp-page\" data-elementor-id=\"736\" class=\"elementor elementor-736\">\n\t\t\t\t\t\t<section class=\"elementor-section elementor-top-section elementor-element elementor-element-509973e elementor-section-boxed elementor-section-height-default elementor-section-height-default\" data-id=\"509973e\" data-element_type=\"section\">\n\t\t\t\t\t\t<div class=\"elementor-container elementor-column-gap-no\">\n\t\t\t\t\t<div class=\"elementor-column elementor-col-100 elementor-top-column elementor-element elementor-element-69d0725\" data-id=\"69d0725\" data-element_type=\"column\" data-settings=\"{&quot;background_background&quot;:&quot;gradient&quot;}\">\n\t\t\t<div class=\"elementor-widget-wrap elementor-element-populated\">\n\t\t\t\t\t\t<div class=\"elementor-element elementor-element-0a4e446 elementor-widget elementor-widget-heading\" data-id=\"0a4e446\" data-element_type=\"widget\" data-widget_type=\"heading.default\">\n\t\t\t\t<div class=\"elementor-widget-container\">\n\t\t\t\t\t<h1 class=\"elementor-heading-title elementor-size-default\">Actualit\u00e9s<\/h1>\t\t\t\t<\/div>\n\t\t\t\t<\/div>\n\t\t\t\t\t<\/div>\n\t\t<\/div>\n\t\t\t\t\t<\/div>\n\t\t<\/section>\n\t\t\t\t<section class=\"elementor-section elementor-top-section elementor-element elementor-element-895c616 elementor-section-content-middle elementor-section-boxed elementor-section-height-default elementor-section-height-default\" data-id=\"895c616\" data-element_type=\"section\">\n\t\t\t\t\t\t<div class=\"elementor-container elementor-column-gap-no\">\n\t\t\t\t\t<div class=\"elementor-column elementor-col-100 elementor-top-column elementor-element elementor-element-71adb45\" data-id=\"71adb45\" data-element_type=\"column\">\n\t\t\t<div class=\"elementor-widget-wrap elementor-element-populated\">\n\t\t\t\t\t\t<div class=\"elementor-element elementor-element-b186185 elementor-widget elementor-widget-elementskit-blog-posts\" data-id=\"b186185\" data-element_type=\"widget\" data-widget_type=\"elementskit-blog-posts.default\">\n\t\t\t\t<div class=\"elementor-widget-container\">\n\t\t\t\t\t<div class=\"ekit-wid-con\" >        <div id=\"post-items--b186185\" class=\"row post-items\">\n                    <div class=\"col-md-12\">\n\n                                    <div class=\"elementskit-blog-block-post\">\n                        <div class=\"row no-gutters\">\n                                                            <div class=\"col-md-6 order-1\">\n                                    <a href=\"https:\/\/temporaire-locavert.fr\/index.php\/2026\/01\/27\/colloque-au-musee-de-la-romanite\/\" class=\"elementskit-entry-thumb\">\n                                        <img decoding=\"async\" src=\"https:\/\/temporaire-locavert.fr\/wp-content\/uploads\/2026\/01\/WhatsApp-Image-2026-01-27-at-14.12.36-1024x461.jpeg\" alt=\"Colloque au Mus\u00e9e de la Romanit\u00e9\">\n                                    <\/a><!-- .elementskit-entry-thumb END -->\n                                <\/div>\n                            \n                            <div class=\"col-md-6 order-2\">\n                                <div class=\"elementskit-post-body \">\n                                    <div class=\"elementskit-entry-header\">\n                                        \n                                                                                            \t\t\t\t\t                                            \n                                            \n                                                                                            \t\t\t\t<h2 class=\"entry-title\">\n\t\t\t\t\t<a href=\"https:\/\/temporaire-locavert.fr\/index.php\/2026\/01\/27\/colloque-au-musee-de-la-romanite\/\">\n\t\t\t\t\t\tColloque au Mus\u00e9e de la Romanit\u00e9\t\t\t\t\t<\/a>\n\t\t\t\t<\/h2>\n\t\t\t                                                                                <\/div><!-- .elementskit-entry-header END -->\n\n                                                                            <div class=\"elementskit-post-footer\">\n                                                                                            <p>Le vendredi 7 Novembre l&#8217;ADPMF a organis\u00e9 un colloque au mus\u00e9e de la Romanit\u00e9 avec plusieurs invit\u00e9s marquants. Psychiatres, philosophes reconnus et acteurs gravitants de la m\u00e9diation&#8230;<\/p>\n                                                                                                                                <\/div><!-- .elementskit-post-footer END -->\n                                                                    <\/div><!-- .elementskit-post-body END -->\n                            <\/div>\n                        <\/div>\n                    <\/div><!-- .elementskit-blog-block-post .radius .gradient-bg END -->\n                \n            <\/div>\n                    <div class=\"col-md-12\">\n\n                                    <div class=\"elementskit-blog-block-post\">\n                        <div class=\"row no-gutters\">\n                                                            <div class=\"col-md-6 order-1\">\n                                    <a href=\"https:\/\/temporaire-locavert.fr\/index.php\/2019\/09\/04\/mediation-solution-rapide-equitable\/\" class=\"elementskit-entry-thumb\">\n                                        <img decoding=\"async\" src=\"https:\/\/temporaire-locavert.fr\/wp-content\/uploads\/2019\/09\/Mediation-1024x575.png\" alt=\"La m\u00e9diation, une solution rapide et \u00e9quitable\">\n                                    <\/a><!-- .elementskit-entry-thumb END -->\n                                <\/div>\n                            \n                            <div class=\"col-md-6 order-2\">\n                                <div class=\"elementskit-post-body \">\n                                    <div class=\"elementskit-entry-header\">\n                                        \n                                                                                            \t\t\t\t\t                                            \n                                            \n                                                                                            \t\t\t\t<h2 class=\"entry-title\">\n\t\t\t\t\t<a href=\"https:\/\/temporaire-locavert.fr\/index.php\/2019\/09\/04\/mediation-solution-rapide-equitable\/\">\n\t\t\t\t\t\tLa m\u00e9diation, une solution rapide et \u00e9quitable\t\t\t\t\t<\/a>\n\t\t\t\t<\/h2>\n\t\t\t                                                                                <\/div><!-- .elementskit-entry-header END -->\n\n                                                                            <div class=\"elementskit-post-footer\">\n                                                                                            <p>Comment en finir avec un conflit enlis\u00e9 sans passer par une proc\u00e9dure judiciaire longue et co\u00fbteuse? La m\u00e9diation, est une d\u00e9marche pr\u00e9vue par la loi. Il s\u2019agit d\u2019un processus de n\u00e9gociation dans lequel les personnes recherchent un accord avec l\u2019aide d\u2019un tiers neutre et qualifi\u00e9: le m\u00e9diateur&#8230;<\/p>\n                                                                                                                                <\/div><!-- .elementskit-post-footer END -->\n                                                                    <\/div><!-- .elementskit-post-body END -->\n                            <\/div>\n                        <\/div>\n                    <\/div><!-- .elementskit-blog-block-post .radius .gradient-bg END -->\n                \n            <\/div>\n                    <div class=\"col-md-12\">\n\n                                    <div class=\"elementskit-blog-block-post\">\n                        <div class=\"row no-gutters\">\n                                                            <div class=\"col-md-6 order-1\">\n                                    <a href=\"https:\/\/temporaire-locavert.fr\/index.php\/2019\/04\/16\/mediation-france-bleu\/\" class=\"elementskit-entry-thumb\">\n                                        <img decoding=\"async\" src=\"https:\/\/temporaire-locavert.fr\/wp-content\/uploads\/2026\/01\/Capture-decran-2026-01-20-184718-1024x577.png\" alt=\"La m\u00e9diation familiale sur France Bleu\">\n                                    <\/a><!-- .elementskit-entry-thumb END -->\n                                <\/div>\n                            \n                            <div class=\"col-md-6 order-2\">\n                                <div class=\"elementskit-post-body \">\n                                    <div class=\"elementskit-entry-header\">\n                                        \n                                                                                            \t\t\t\t\t                                            \n                                            \n                                                                                            \t\t\t\t<h2 class=\"entry-title\">\n\t\t\t\t\t<a href=\"https:\/\/temporaire-locavert.fr\/index.php\/2019\/04\/16\/mediation-france-bleu\/\">\n\t\t\t\t\t\tLa m\u00e9diation familiale sur France Bleu\t\t\t\t\t<\/a>\n\t\t\t\t<\/h2>\n\t\t\t                                                                                <\/div><!-- .elementskit-entry-header END -->\n\n                                                                            <div class=\"elementskit-post-footer\">\n                                                                                            <p>Avec Anne Rollin, Coordinatrice du service AEMF et M\u00e9diatrice familiale, et Anne Dejour, M\u00e9diatrice familiale \u00e0 la Sauvegarde de l&#8217;Enfance et de l&#8217;Adolescence de la Dr\u00f4me<\/p>\n                                                                                                                                <\/div><!-- .elementskit-post-footer END -->\n                                                                    <\/div><!-- .elementskit-post-body END -->\n                            <\/div>\n                        <\/div>\n                    <\/div><!-- .elementskit-blog-block-post .radius .gradient-bg END -->\n                \n            <\/div>\n                    <div class=\"col-md-12\">\n\n                                    <div class=\"elementskit-blog-block-post\">\n                        <div class=\"row no-gutters\">\n                                                            <div class=\"col-md-6 order-1\">\n                                    <a href=\"https:\/\/temporaire-locavert.fr\/index.php\/2016\/12\/26\/bonnes-resolutions-patricia-fouque\/\" class=\"elementskit-entry-thumb\">\n                                        <img decoding=\"async\" src=\"https:\/\/temporaire-locavert.fr\/wp-content\/uploads\/2016\/12\/Patricia-Frnace-Bleu-1024x577.png\" alt=\"Les Bonnes R\u00e9solutions avec Patricia Fouque\">\n                                    <\/a><!-- .elementskit-entry-thumb END -->\n                                <\/div>\n                            \n                            <div class=\"col-md-6 order-2\">\n                                <div class=\"elementskit-post-body \">\n                                    <div class=\"elementskit-entry-header\">\n                                        \n                                                                                            \t\t\t\t\t                                            \n                                            \n                                                                                            \t\t\t\t<h2 class=\"entry-title\">\n\t\t\t\t\t<a href=\"https:\/\/temporaire-locavert.fr\/index.php\/2016\/12\/26\/bonnes-resolutions-patricia-fouque\/\">\n\t\t\t\t\t\tLes Bonnes R\u00e9solutions avec Patricia Fouque\t\t\t\t\t<\/a>\n\t\t\t\t<\/h2>\n\t\t\t                                                                                <\/div><!-- .elementskit-entry-header END -->\n\n                                                                            <div class=\"elementskit-post-footer\">\n                                                                                            <p>J\u2019arr\u00eate de fumer, je fais du sport, je trouve du temps pour moi &#8230;.<br \/>\nLes bonnes r\u00e9solutions, qui les tient ?<br \/>\nPatricia Fouque, directrice de l&#8217; association D\u00e9partementale Professionnelle de M\u00e9diation Familiale<\/p>\n                                                                                                                                <\/div><!-- .elementskit-post-footer END -->\n                                                                    <\/div><!-- .elementskit-post-body END -->\n                            <\/div>\n                        <\/div>\n                    <\/div><!-- .elementskit-blog-block-post .radius .gradient-bg END -->\n                \n            <\/div>\n                    <div class=\"col-md-12\">\n\n                                    <div class=\"elementskit-blog-block-post\">\n                        <div class=\"row no-gutters\">\n                                                            <div class=\"col-md-6 order-1\">\n                                    <a href=\"https:\/\/temporaire-locavert.fr\/index.php\/2015\/12\/08\/papa-bouteille-lait\/\" class=\"elementskit-entry-thumb\">\n                                        <img decoding=\"async\" src=\"https:\/\/temporaire-locavert.fr\/wp-content\/uploads\/2015\/12\/Patricia-fouque-2-1024x577.png\" alt=\"Dis papa, c\u2019est quoi cette bouteille de lait ?\">\n                                    <\/a><!-- .elementskit-entry-thumb END -->\n                                <\/div>\n                            \n                            <div class=\"col-md-6 order-2\">\n                                <div class=\"elementskit-post-body \">\n                                    <div class=\"elementskit-entry-header\">\n                                        \n                                                                                            \t\t\t\t\t                                            \n                                            \n                                                                                            \t\t\t\t<h2 class=\"entry-title\">\n\t\t\t\t\t<a href=\"https:\/\/temporaire-locavert.fr\/index.php\/2015\/12\/08\/papa-bouteille-lait\/\">\n\t\t\t\t\t\tDis papa, c\u2019est quoi cette bouteille de lait ?\t\t\t\t\t<\/a>\n\t\t\t\t<\/h2>\n\t\t\t                                                                                <\/div><!-- .elementskit-entry-header END -->\n\n                                                                            <div class=\"elementskit-post-footer\">\n                                                                                            <p>Dans famille mode d\u2019emploi, ce sont les questions d\u00e9rangeantes de nos enfants qui nous int\u00e9ressent<br \/>\nPatricia Fouque:  Directrice de l\u2019ADPMF :Association D\u00e9partementale Professionnelle de M\u00e9diation Familiale<\/p>\n                                                                                                                                <\/div><!-- .elementskit-post-footer END -->\n                                                                    <\/div><!-- .elementskit-post-body END -->\n                            <\/div>\n                        <\/div>\n                    <\/div><!-- .elementskit-blog-block-post .radius .gradient-bg END -->\n                \n            <\/div>\n                <\/div>\n       <\/div>\t\t\t\t<\/div>\n\t\t\t\t<\/div>\n\t\t\t\t\t<\/div>\n\t\t<\/div>\n\t\t\t\t\t<\/div>\n\t\t<\/section>\n\t\t\t\t<\/div>\n\t\t","protected":false},"excerpt":{"rendered":"<p>Actualit\u00e9s Colloque au Mus\u00e9e de la Romanit\u00e9 Le vendredi 7 Novembre l&#8217;ADPMF a organis\u00e9 un colloque au mus\u00e9e de la Romanit\u00e9 avec plusieurs invit\u00e9s marquants tels que : L&#8217;occasion de clarifier le processus de m\u00e9diation familiale ainsi que de tendre des ponts entre les diff\u00e9rentes institutions du Gard La m\u00e9diation, une solution rapide et \u00e9quitable [&hellip;]<\/p>\n","protected":false},"author":1,"featured_media":0,"parent":0,"menu_order":0,"comment_status":"closed","ping_status":"closed","template":"elementor_header_footer","meta":{"_eb_attr":"","footnotes":""},"class_list":["post-736","page","type-page","status-publish","hentry"],"yoast_head":"<!-- This site is optimized with the Yoast SEO plugin v26.7 - https:\/\/yoast.com\/wordpress\/plugins\/seo\/ -->\n<title>Actualit\u00e9s - ADPMF<\/title>\n<meta name=\"robots\" content=\"index, follow, max-snippet:-1, max-image-preview:large, max-video-preview:-1\" \/>\n<link rel=\"canonical\" href=\"https:\/\/temporaire-locavert.fr\/index.php\/actualites\/\" \/>\n<meta property=\"og:locale\" content=\"en_US\" \/>\n<meta property=\"og:type\" content=\"article\" \/>\n<meta property=\"og:title\" content=\"Actualit\u00e9s - ADPMF\" \/>\n<meta property=\"og:description\" content=\"Actualit\u00e9s Colloque au Mus\u00e9e de la Romanit\u00e9 Le vendredi 7 Novembre l&#8217;ADPMF a organis\u00e9 un colloque au mus\u00e9e de la Romanit\u00e9 avec plusieurs invit\u00e9s marquants tels que : L&#8217;occasion de clarifier le processus de m\u00e9diation familiale ainsi que de tendre des ponts entre les diff\u00e9rentes institutions du Gard La m\u00e9diation, une solution rapide et \u00e9quitable [&hellip;]\" \/>\n<meta property=\"og:url\" content=\"https:\/\/temporaire-locavert.fr\/index.php\/actualites\/\" \/>\n<meta property=\"og:site_name\" content=\"ADPMF\" \/>\n<meta property=\"article:modified_time\" content=\"2026-01-27T13:27:53+00:00\" \/>\n<meta property=\"og:image\" content=\"http:\/\/temporaire-locavert.fr\/wp-content\/uploads\/2026\/01\/WhatsApp-Image-2026-01-27-at-14.12.36-1024x461.jpeg\" \/>\n<meta name=\"twitter:card\" content=\"summary_large_image\" \/>\n<meta name=\"twitter:label1\" content=\"Est. reading time\" \/>\n\t<meta name=\"twitter:data1\" content=\"2 minutes\" \/>\n<script type=\"application\/ld+json\" class=\"yoast-schema-graph\">{\"@context\":\"https:\/\/schema.org\",\"@graph\":[{\"@type\":\"WebPage\",\"@id\":\"https:\/\/temporaire-locavert.fr\/index.php\/actualites\/\",\"url\":\"https:\/\/temporaire-locavert.fr\/index.php\/actualites\/\",\"name\":\"Actualit\u00e9s - ADPMF\",\"isPartOf\":{\"@id\":\"https:\/\/temporaire-locavert.fr\/#website\"},\"primaryImageOfPage\":{\"@id\":\"https:\/\/temporaire-locavert.fr\/index.php\/actualites\/#primaryimage\"},\"image\":{\"@id\":\"https:\/\/temporaire-locavert.fr\/index.php\/actualites\/#primaryimage\"},\"thumbnailUrl\":\"http:\/\/temporaire-locavert.fr\/wp-content\/uploads\/2026\/01\/WhatsApp-Image-2026-01-27-at-14.12.36-1024x461.jpeg\",\"datePublished\":\"2026-01-16T16:55:39+00:00\",\"dateModified\":\"2026-01-27T13:27:53+00:00\",\"breadcrumb\":{\"@id\":\"https:\/\/temporaire-locavert.fr\/index.php\/actualites\/#breadcrumb\"},\"inLanguage\":\"en-US\",\"potentialAction\":[{\"@type\":\"ReadAction\",\"target\":[\"https:\/\/temporaire-locavert.fr\/index.php\/actualites\/\"]}]},{\"@type\":\"ImageObject\",\"inLanguage\":\"en-US\",\"@id\":\"https:\/\/temporaire-locavert.fr\/index.php\/actualites\/#primaryimage\",\"url\":\"http:\/\/temporaire-locavert.fr\/wp-content\/uploads\/2026\/01\/WhatsApp-Image-2026-01-27-at-14.12.36-1024x461.jpeg\",\"contentUrl\":\"http:\/\/temporaire-locavert.fr\/wp-content\/uploads\/2026\/01\/WhatsApp-Image-2026-01-27-at-14.12.36-1024x461.jpeg\"},{\"@type\":\"BreadcrumbList\",\"@id\":\"https:\/\/temporaire-locavert.fr\/index.php\/actualites\/#breadcrumb\",\"itemListElement\":[{\"@type\":\"ListItem\",\"position\":1,\"name\":\"Home\",\"item\":\"https:\/\/temporaire-locavert.fr\/\"},{\"@type\":\"ListItem\",\"position\":2,\"name\":\"Actualit\u00e9s\"}]},{\"@type\":\"WebSite\",\"@id\":\"https:\/\/temporaire-locavert.fr\/#website\",\"url\":\"https:\/\/temporaire-locavert.fr\/\",\"name\":\"Locavertfouque\",\"description\":\"M\u00e9diation familiale\",\"publisher\":{\"@id\":\"https:\/\/temporaire-locavert.fr\/#organization\"},\"potentialAction\":[{\"@type\":\"SearchAction\",\"target\":{\"@type\":\"EntryPoint\",\"urlTemplate\":\"https:\/\/temporaire-locavert.fr\/?s={search_term_string}\"},\"query-input\":{\"@type\":\"PropertyValueSpecification\",\"valueRequired\":true,\"valueName\":\"search_term_string\"}}],\"inLanguage\":\"en-US\"},{\"@type\":\"Organization\",\"@id\":\"https:\/\/temporaire-locavert.fr\/#organization\",\"name\":\"Locavert\",\"url\":\"https:\/\/temporaire-locavert.fr\/\",\"logo\":{\"@type\":\"ImageObject\",\"inLanguage\":\"en-US\",\"@id\":\"https:\/\/temporaire-locavert.fr\/#\/schema\/logo\/image\/\",\"url\":\"https:\/\/temporaire-locavert.fr\/wp-content\/uploads\/2026\/01\/cropped-adpmf-1-e1769248162178.jpg\",\"contentUrl\":\"https:\/\/temporaire-locavert.fr\/wp-content\/uploads\/2026\/01\/cropped-adpmf-1-e1769248162178.jpg\",\"width\":487,\"height\":243,\"caption\":\"Locavert\"},\"image\":{\"@id\":\"https:\/\/temporaire-locavert.fr\/#\/schema\/logo\/image\/\"}}]}<\/script>\n<!-- \/ Yoast SEO plugin. -->","yoast_head_json":{"title":"Actualit\u00e9s - ADPMF","robots":{"index":"index","follow":"follow","max-snippet":"max-snippet:-1","max-image-preview":"max-image-preview:large","max-video-preview":"max-video-preview:-1"},"canonical":"https:\/\/temporaire-locavert.fr\/index.php\/actualites\/","og_locale":"en_US","og_type":"article","og_title":"Actualit\u00e9s - ADPMF","og_description":"Actualit\u00e9s Colloque au Mus\u00e9e de la Romanit\u00e9 Le vendredi 7 Novembre l&#8217;ADPMF a organis\u00e9 un colloque au mus\u00e9e de la Romanit\u00e9 avec plusieurs invit\u00e9s marquants tels que : L&#8217;occasion de clarifier le processus de m\u00e9diation familiale ainsi que de tendre des ponts entre les diff\u00e9rentes institutions du Gard La m\u00e9diation, une solution rapide et \u00e9quitable [&hellip;]","og_url":"https:\/\/temporaire-locavert.fr\/index.php\/actualites\/","og_site_name":"ADPMF","article_modified_time":"2026-01-27T13:27:53+00:00","og_image":[{"url":"http:\/\/temporaire-locavert.fr\/wp-content\/uploads\/2026\/01\/WhatsApp-Image-2026-01-27-at-14.12.36-1024x461.jpeg","type":"","width":"","height":""}],"twitter_card":"summary_large_image","twitter_misc":{"Est. reading time":"2 minutes"},"schema":{"@context":"https:\/\/schema.org","@graph":[{"@type":"WebPage","@id":"https:\/\/temporaire-locavert.fr\/index.php\/actualites\/","url":"https:\/\/temporaire-locavert.fr\/index.php\/actualites\/","name":"Actualit\u00e9s - ADPMF","isPartOf":{"@id":"https:\/\/temporaire-locavert.fr\/#website"},"primaryImageOfPage":{"@id":"https:\/\/temporaire-locavert.fr\/index.php\/actualites\/#primaryimage"},"image":{"@id":"https:\/\/temporaire-locavert.fr\/index.php\/actualites\/#primaryimage"},"thumbnailUrl":"http:\/\/temporaire-locavert.fr\/wp-content\/uploads\/2026\/01\/WhatsApp-Image-2026-01-27-at-14.12.36-1024x461.jpeg","datePublished":"2026-01-16T16:55:39+00:00","dateModified":"2026-01-27T13:27:53+00:00","breadcrumb":{"@id":"https:\/\/temporaire-locavert.fr\/index.php\/actualites\/#breadcrumb"},"inLanguage":"en-US","potentialAction":[{"@type":"ReadAction","target":["https:\/\/temporaire-locavert.fr\/index.php\/actualites\/"]}]},{"@type":"ImageObject","inLanguage":"en-US","@id":"https:\/\/temporaire-locavert.fr\/index.php\/actualites\/#primaryimage","url":"http:\/\/temporaire-locavert.fr\/wp-content\/uploads\/2026\/01\/WhatsApp-Image-2026-01-27-at-14.12.36-1024x461.jpeg","contentUrl":"http:\/\/temporaire-locavert.fr\/wp-content\/uploads\/2026\/01\/WhatsApp-Image-2026-01-27-at-14.12.36-1024x461.jpeg"},{"@type":"BreadcrumbList","@id":"https:\/\/temporaire-locavert.fr\/index.php\/actualites\/#breadcrumb","itemListElement":[{"@type":"ListItem","position":1,"name":"Home","item":"https:\/\/temporaire-locavert.fr\/"},{"@type":"ListItem","position":2,"name":"Actualit\u00e9s"}]},{"@type":"WebSite","@id":"https:\/\/temporaire-locavert.fr\/#website","url":"https:\/\/temporaire-locavert.fr\/","name":"Locavertfouque","description":"M\u00e9diation familiale","publisher":{"@id":"https:\/\/temporaire-locavert.fr\/#organization"},"potentialAction":[{"@type":"SearchAction","target":{"@type":"EntryPoint","urlTemplate":"https:\/\/temporaire-locavert.fr\/?s={search_term_string}"},"query-input":{"@type":"PropertyValueSpecification","valueRequired":true,"valueName":"search_term_string"}}],"inLanguage":"en-US"},{"@type":"Organization","@id":"https:\/\/temporaire-locavert.fr\/#organization","name":"Locavert","url":"https:\/\/temporaire-locavert.fr\/","logo":{"@type":"ImageObject","inLanguage":"en-US","@id":"https:\/\/temporaire-locavert.fr\/#\/schema\/logo\/image\/","url":"https:\/\/temporaire-locavert.fr\/wp-content\/uploads\/2026\/01\/cropped-adpmf-1-e1769248162178.jpg","contentUrl":"https:\/\/temporaire-locavert.fr\/wp-content\/uploads\/2026\/01\/cropped-adpmf-1-e1769248162178.jpg","width":487,"height":243,"caption":"Locavert"},"image":{"@id":"https:\/\/temporaire-locavert.fr\/#\/schema\/logo\/image\/"}}]}},"_links":{"self":[{"href":"https:\/\/temporaire-locavert.fr\/index.php\/wp-json\/wp\/v2\/pages\/736","targetHints":{"allow":["GET"]}}],"collection":[{"href":"https:\/\/temporaire-locavert.fr\/index.php\/wp-json\/wp\/v2\/pages"}],"about":[{"href":"https:\/\/temporaire-locavert.fr\/index.php\/wp-json\/wp\/v2\/types\/page"}],"author":[{"embeddable":true,"href":"https:\/\/temporaire-locavert.fr\/index.php\/wp-json\/wp\/v2\/users\/1"}],"replies":[{"embeddable":true,"href":"https:\/\/temporaire-locavert.fr\/index.php\/wp-json\/wp\/v2\/comments?post=736"}],"version-history":[{"count":26,"href":"https:\/\/temporaire-locavert.fr\/index.php\/wp-json\/wp\/v2\/pages\/736\/revisions"}],"predecessor-version":[{"id":1793,"href":"https:\/\/temporaire-locavert.fr\/index.php\/wp-json\/wp\/v2\/pages\/736\/revisions\/1793"}],"wp:attachment":[{"href":"https:\/\/temporaire-locavert.fr\/index.php\/wp-json\/wp\/v2\/media?parent=736"}],"curies":[{"name":"wp","href":"https:\/\/api.w.org\/{rel}","templated":true}]}}