{"id":536,"date":"2022-08-03T22:09:52","date_gmt":"2022-08-03T20:09:52","guid":{"rendered":"http:\/\/temporaire-locavert.fr\/?page_id=536"},"modified":"2026-01-27T13:15:45","modified_gmt":"2026-01-27T12:15:45","slug":"documentation","status":"publish","type":"page","link":"https:\/\/temporaire-locavert.fr\/index.php\/documentation\/","title":{"rendered":"Documentation"},"content":{"rendered":"\t\t<div data-elementor-type=\"wp-page\" data-elementor-id=\"536\" class=\"elementor elementor-536\">\n\t\t\t\t<div class=\"elementor-element elementor-element-991380a elementor-hidden-tablet elementor-hidden-mobile e-flex e-con-boxed e-con e-parent\" data-id=\"991380a\" data-element_type=\"container\">\n\t\t\t\t\t<div class=\"e-con-inner\">\n\t\t<div class=\"elementor-element elementor-element-6ee469f e-con-full e-flex e-con e-child\" data-id=\"6ee469f\" data-element_type=\"container\">\n\t\t<div class=\"elementor-element elementor-element-658193a e-con-full e-flex e-con e-child\" data-id=\"658193a\" data-element_type=\"container\" data-settings=\"{&quot;background_background&quot;:&quot;gradient&quot;}\">\n\t\t\t\t<div class=\"elementor-element elementor-element-ae972af elementor-widget elementor-widget-heading\" data-id=\"ae972af\" data-element_type=\"widget\" data-widget_type=\"heading.default\">\n\t\t\t\t<div class=\"elementor-widget-container\">\n\t\t\t\t\t<h2 class=\"elementor-heading-title elementor-size-default\">Documentation<\/h2>\t\t\t\t<\/div>\n\t\t\t\t<\/div>\n\t\t\t\t<\/div>\n\t\t\t\t<\/div>\n\t\t<div class=\"elementor-element elementor-element-4a5610d e-con-full e-flex e-con e-child\" data-id=\"4a5610d\" data-element_type=\"container\">\n\t\t\t\t<\/div>\n\t\t\t\t\t<\/div>\n\t\t\t\t<\/div>\n\t\t<div class=\"elementor-element elementor-element-d5cbe1f elementor-hidden-desktop e-flex e-con-boxed e-con e-parent\" data-id=\"d5cbe1f\" data-element_type=\"container\">\n\t\t\t\t\t<div class=\"e-con-inner\">\n\t\t<div class=\"elementor-element elementor-element-c195f69 e-con-full e-flex e-con e-child\" data-id=\"c195f69\" data-element_type=\"container\" data-settings=\"{&quot;background_background&quot;:&quot;gradient&quot;}\">\n\t\t\t\t<div class=\"elementor-element elementor-element-0612f16 elementor-widget elementor-widget-heading\" data-id=\"0612f16\" data-element_type=\"widget\" data-widget_type=\"heading.default\">\n\t\t\t\t<div class=\"elementor-widget-container\">\n\t\t\t\t\t<h2 class=\"elementor-heading-title elementor-size-default\">Documentation<\/h2>\t\t\t\t<\/div>\n\t\t\t\t<\/div>\n\t\t\t\t<\/div>\n\t\t\t\t\t<\/div>\n\t\t\t\t<\/div>\n\t\t<div class=\"elementor-element elementor-element-5eeef5f e-flex e-con-boxed e-con e-parent\" data-id=\"5eeef5f\" data-element_type=\"container\">\n\t\t\t\t\t<div class=\"e-con-inner\">\n\t\t\t\t<div class=\"elementor-element elementor-element-ce47d58 elementor-widget elementor-widget-heading\" data-id=\"ce47d58\" data-element_type=\"widget\" data-widget_type=\"heading.default\">\n\t\t\t\t<div class=\"elementor-widget-container\">\n\t\t\t\t\t<h2 class=\"elementor-heading-title elementor-size-default\">Modalit\u00e9s<\/h2>\t\t\t\t<\/div>\n\t\t\t\t<\/div>\n\t\t\t\t<div class=\"elementor-element elementor-element-d4c5f67 elementor-widget elementor-widget-text-editor\" data-id=\"d4c5f67\" data-element_type=\"widget\" data-widget_type=\"text-editor.default\">\n\t\t\t\t<div class=\"elementor-widget-container\">\n\t\t\t\t\t\t\t\t\t<p>Le premier rendez-vous d\u2019information est gratuit et confidentiel.<\/p><p>Le programme consiste en 3 \u00e0 8 entretiens d\u2019environ 1h30 \u00e0 2h chacun, au rythme d\u2019une rencontre tous les 15 jours en moyenne.<\/p>\t\t\t\t\t\t\t\t<\/div>\n\t\t\t\t<\/div>\n\t\t\t\t<div class=\"elementor-element elementor-element-dea2f7a elementor-widget elementor-widget-heading\" data-id=\"dea2f7a\" data-element_type=\"widget\" data-widget_type=\"heading.default\">\n\t\t\t\t<div class=\"elementor-widget-container\">\n\t\t\t\t\t<h2 class=\"elementor-heading-title elementor-size-default\">Co\u00fbt<\/h2>\t\t\t\t<\/div>\n\t\t\t\t<\/div>\n\t\t\t\t<div class=\"elementor-element elementor-element-51bc436 elementor-widget elementor-widget-text-editor\" data-id=\"51bc436\" data-element_type=\"widget\" data-widget_type=\"text-editor.default\">\n\t\t\t\t<div class=\"elementor-widget-container\">\n\t\t\t\t\t\t\t\t\t<p>La participation financi\u00e8re est d\u00e9finie lors du premier rendez-vous en fonction des revenus de chacun, selon un bar\u00e8me officiel \u00e9tabli par la CNAF pour tous les services de M\u00e9diation Familiales conventionn\u00e9s sur l\u2019ensemble du territoire.<\/p>\t\t\t\t\t\t\t\t<\/div>\n\t\t\t\t<\/div>\n\t\t\t\t<div class=\"elementor-element elementor-element-79450a9 elementor-widget elementor-widget-heading\" data-id=\"79450a9\" data-element_type=\"widget\" data-widget_type=\"heading.default\">\n\t\t\t\t<div class=\"elementor-widget-container\">\n\t\t\t\t\t<h2 class=\"elementor-heading-title elementor-size-default\">\u00c9galit\u00e9 femmes-hommes : des mesures concr\u00e8tes pour les familles<\/h2>\t\t\t\t<\/div>\n\t\t\t\t<\/div>\n\t\t\t\t<div class=\"elementor-element elementor-element-3e887b8 elementor-widget elementor-widget-text-editor\" data-id=\"3e887b8\" data-element_type=\"widget\" data-widget_type=\"text-editor.default\">\n\t\t\t\t<div class=\"elementor-widget-container\">\n\t\t\t\t\t\t\t\t\t<p>Dans le cadre du projet de loi pour l\u2019\u00e9galit\u00e9 entre les femmes et les hommes, la ministre des Droits des femmes et la ministre d\u00e9l\u00e9gu\u00e9e charg\u00e9e de la Famille ont pr\u00e9sent\u00e9 plusieurs exp\u00e9rimentations visant \u00e0 am\u00e9liorer le versement des pensions alimentaires et l\u2019application des d\u00e9cisions de justice.<\/p>\t\t\t\t\t\t\t\t<\/div>\n\t\t\t\t<\/div>\n\t\t\t\t<div class=\"elementor-element elementor-element-c7f493c elementor-widget elementor-widget-heading\" data-id=\"c7f493c\" data-element_type=\"widget\" data-widget_type=\"heading.default\">\n\t\t\t\t<div class=\"elementor-widget-container\">\n\t\t\t\t\t<h2 class=\"elementor-heading-title elementor-size-default\"><span style=\"font-size: 24px\">Un simulateur de pension alimentaire en ligne<\/span><\/h2>\t\t\t\t<\/div>\n\t\t\t\t<\/div>\n\t\t\t\t<div class=\"elementor-element elementor-element-57c14f6 elementor-widget elementor-widget-text-editor\" data-id=\"57c14f6\" data-element_type=\"widget\" data-widget_type=\"text-editor.default\">\n\t\t\t\t<div class=\"elementor-widget-container\">\n\t\t\t\t\t\t\t\t\t<p>La ministre des Droits des femmes, Najat Vallaud-Belkacem, a pr\u00e9sent\u00e9 un simulateur en ligne permettant aux familles d\u2019estimer le montant de la pension alimentaire.<br \/>Cet outil s\u2019appuie sur la grille indicative \u00e9labor\u00e9e par le minist\u00e8re de la Justice.<\/p>\t\t\t\t\t\t\t\t<\/div>\n\t\t\t\t<\/div>\n\t\t\t\t<div class=\"elementor-element elementor-element-0df31da elementor-widget elementor-widget-text-editor\" data-id=\"0df31da\" data-element_type=\"widget\" data-widget_type=\"text-editor.default\">\n\t\t\t\t<div class=\"elementor-widget-container\">\n\t\t\t\t\t\t\t\t\t<p>Ce simulateur est disponible \u00e0 l\u2019adresse suivante : http:\/\/femmes.gouv.fr\/simulateur-de-pension-alimentaire\/<\/p>\t\t\t\t\t\t\t\t<\/div>\n\t\t\t\t<\/div>\n\t\t\t\t<div class=\"elementor-element elementor-element-a44499c elementor-widget elementor-widget-heading\" data-id=\"a44499c\" data-element_type=\"widget\" data-widget_type=\"heading.default\">\n\t\t\t\t<div class=\"elementor-widget-container\">\n\t\t\t\t\t<h2 class=\"elementor-heading-title elementor-size-default\"><span style=\"font-size: 24px\">Revalorisation de l'Allocation de soutien familial (ASF)<\/span><\/h2>\t\t\t\t<\/div>\n\t\t\t\t<\/div>\n\t\t\t\t<div class=\"elementor-element elementor-element-82f180e elementor-widget elementor-widget-text-editor\" data-id=\"82f180e\" data-element_type=\"widget\" data-widget_type=\"text-editor.default\">\n\t\t\t\t<div class=\"elementor-widget-container\">\n\t\t\t\t\t\t\t\t\t<p>La ministre d\u00e9l\u00e9gu\u00e9e charg\u00e9e de la Famille, Dominique Bertinotti, a rappel\u00e9 que le montant de l\u2019Allocation de soutien familial sera progressivement major\u00e9 de 25 % d\u2019ici 2018.<\/p><p>L\u2019ASF passera ainsi de 90 \u20ac \u00e0 120 \u20ac par mois et par enfant.<\/p><p>Une premi\u00e8re revalorisation est intervenue le 1er avril 2014, portant l\u2019allocation \u00e0 95 \u20ac minimum, soit un gain d\u2019environ 60 \u20ac par an et par enfant.<\/p>\t\t\t\t\t\t\t\t<\/div>\n\t\t\t\t<\/div>\n\t\t\t\t<div class=\"elementor-element elementor-element-0ca1c4d elementor-widget elementor-widget-heading\" data-id=\"0ca1c4d\" data-element_type=\"widget\" data-widget_type=\"heading.default\">\n\t\t\t\t<div class=\"elementor-widget-container\">\n\t\t\t\t\t<h2 class=\"elementor-heading-title elementor-size-default\"><span style=\"font-size: 24px\">Vers une r\u00e9forme de la m\u00e9diation familiale<\/span><\/h2>\t\t\t\t<\/div>\n\t\t\t\t<\/div>\n\t\t\t\t<div class=\"elementor-element elementor-element-29244bb elementor-widget elementor-widget-text-editor\" data-id=\"29244bb\" data-element_type=\"widget\" data-widget_type=\"text-editor.default\">\n\t\t\t\t<div class=\"elementor-widget-container\">\n\t\t\t\t\t\t\t\t\t<p>La ministre de la Famille a \u00e9galement soulign\u00e9 la n\u00e9cessit\u00e9 d\u2019une r\u00e9forme de la m\u00e9diation familiale.<\/p><p>Cette \u00e9volution vise \u00e0 favoriser un meilleur paiement des pensions alimentaires et une application plus effective des d\u00e9cisions de justice, dans l\u2019int\u00e9r\u00eat des familles.<\/p>\t\t\t\t\t\t\t\t<\/div>\n\t\t\t\t<\/div>\n\t\t\t\t<div class=\"elementor-element elementor-element-905e1a3 elementor-widget elementor-widget-heading\" data-id=\"905e1a3\" data-element_type=\"widget\" data-widget_type=\"heading.default\">\n\t\t\t\t<div class=\"elementor-widget-container\">\n\t\t\t\t\t<h2 class=\"elementor-heading-title elementor-size-default\"><span style=\"font-size: 24px\">Exp\u00e9rimentation de la garantie contre les impay\u00e9s<\/span><\/h2>\t\t\t\t<\/div>\n\t\t\t\t<\/div>\n\t\t\t\t<div class=\"elementor-element elementor-element-e01a2e0 elementor-widget elementor-widget-text-editor\" data-id=\"e01a2e0\" data-element_type=\"widget\" data-widget_type=\"text-editor.default\">\n\t\t\t\t<div class=\"elementor-widget-container\">\n\t\t\t\t\t\t\t\t\t<p>\u00c0 compter du 1er juillet 2014, une garantie contre les impay\u00e9s de pensions alimentaires est exp\u00e9riment\u00e9e dans plusieurs d\u00e9partements, parmi lesquels :<\/p><p>Ain, Aube, Charente, Corr\u00e8ze, C\u00f4tes-d\u2019Armor, Finist\u00e8re, Haute-Garonne, H\u00e9rault, Indre-et-Loire, Loire-Atlantique, Haute-Marne, Meurthe-et-Moselle, Morbihan, Pas-de-Calais, Rh\u00f4ne, Sa\u00f4ne-et-Loire, Paris, Seine-et-Marne, Territoire de Belfort et La R\u00e9union<\/p>\t\t\t\t\t\t\t\t<\/div>\n\t\t\t\t<\/div>\n\t\t\t\t\t<\/div>\n\t\t\t\t<\/div>\n\t\t\t\t<\/div>\n\t\t","protected":false},"excerpt":{"rendered":"<p>Documentation Documentation Modalit\u00e9s Le premier rendez-vous d\u2019information est gratuit et confidentiel. Le programme consiste en 3 \u00e0 8 entretiens d\u2019environ 1h30 \u00e0 2h chacun, au rythme d\u2019une rencontre tous les 15 jours en moyenne. Co\u00fbt La participation financi\u00e8re est d\u00e9finie lors du premier rendez-vous en fonction des revenus de chacun, selon un bar\u00e8me officiel \u00e9tabli [&hellip;]<\/p>\n","protected":false},"author":1,"featured_media":0,"parent":0,"menu_order":0,"comment_status":"closed","ping_status":"closed","template":"","meta":{"_eb_attr":"","footnotes":""},"class_list":["post-536","page","type-page","status-publish","hentry"],"yoast_head":"<!-- This site is optimized with the Yoast SEO plugin v26.7 - https:\/\/yoast.com\/wordpress\/plugins\/seo\/ -->\n<title>Documentation - ADPMF<\/title>\n<meta name=\"robots\" content=\"index, follow, max-snippet:-1, max-image-preview:large, max-video-preview:-1\" \/>\n<link rel=\"canonical\" href=\"https:\/\/temporaire-locavert.fr\/index.php\/documentation\/\" \/>\n<meta property=\"og:locale\" content=\"en_US\" \/>\n<meta property=\"og:type\" content=\"article\" \/>\n<meta property=\"og:title\" content=\"Documentation - ADPMF\" \/>\n<meta property=\"og:description\" content=\"Documentation Documentation Modalit\u00e9s Le premier rendez-vous d\u2019information est gratuit et confidentiel. Le programme consiste en 3 \u00e0 8 entretiens d\u2019environ 1h30 \u00e0 2h chacun, au rythme d\u2019une rencontre tous les 15 jours en moyenne. Co\u00fbt La participation financi\u00e8re est d\u00e9finie lors du premier rendez-vous en fonction des revenus de chacun, selon un bar\u00e8me officiel \u00e9tabli [&hellip;]\" \/>\n<meta property=\"og:url\" content=\"https:\/\/temporaire-locavert.fr\/index.php\/documentation\/\" \/>\n<meta property=\"og:site_name\" content=\"ADPMF\" \/>\n<meta property=\"article:modified_time\" content=\"2026-01-27T12:15:45+00:00\" \/>\n<meta name=\"twitter:card\" content=\"summary_large_image\" \/>\n<meta name=\"twitter:label1\" content=\"Est. reading time\" \/>\n\t<meta name=\"twitter:data1\" content=\"2 minutes\" \/>\n<script type=\"application\/ld+json\" class=\"yoast-schema-graph\">{\"@context\":\"https:\/\/schema.org\",\"@graph\":[{\"@type\":\"WebPage\",\"@id\":\"https:\/\/temporaire-locavert.fr\/index.php\/documentation\/\",\"url\":\"https:\/\/temporaire-locavert.fr\/index.php\/documentation\/\",\"name\":\"Documentation - ADPMF\",\"isPartOf\":{\"@id\":\"https:\/\/temporaire-locavert.fr\/#website\"},\"datePublished\":\"2022-08-03T20:09:52+00:00\",\"dateModified\":\"2026-01-27T12:15:45+00:00\",\"breadcrumb\":{\"@id\":\"https:\/\/temporaire-locavert.fr\/index.php\/documentation\/#breadcrumb\"},\"inLanguage\":\"en-US\",\"potentialAction\":[{\"@type\":\"ReadAction\",\"target\":[\"https:\/\/temporaire-locavert.fr\/index.php\/documentation\/\"]}]},{\"@type\":\"BreadcrumbList\",\"@id\":\"https:\/\/temporaire-locavert.fr\/index.php\/documentation\/#breadcrumb\",\"itemListElement\":[{\"@type\":\"ListItem\",\"position\":1,\"name\":\"Home\",\"item\":\"https:\/\/temporaire-locavert.fr\/\"},{\"@type\":\"ListItem\",\"position\":2,\"name\":\"Documentation\"}]},{\"@type\":\"WebSite\",\"@id\":\"https:\/\/temporaire-locavert.fr\/#website\",\"url\":\"https:\/\/temporaire-locavert.fr\/\",\"name\":\"Locavertfouque\",\"description\":\"M\u00e9diation familiale\",\"publisher\":{\"@id\":\"https:\/\/temporaire-locavert.fr\/#organization\"},\"potentialAction\":[{\"@type\":\"SearchAction\",\"target\":{\"@type\":\"EntryPoint\",\"urlTemplate\":\"https:\/\/temporaire-locavert.fr\/?s={search_term_string}\"},\"query-input\":{\"@type\":\"PropertyValueSpecification\",\"valueRequired\":true,\"valueName\":\"search_term_string\"}}],\"inLanguage\":\"en-US\"},{\"@type\":\"Organization\",\"@id\":\"https:\/\/temporaire-locavert.fr\/#organization\",\"name\":\"Locavert\",\"url\":\"https:\/\/temporaire-locavert.fr\/\",\"logo\":{\"@type\":\"ImageObject\",\"inLanguage\":\"en-US\",\"@id\":\"https:\/\/temporaire-locavert.fr\/#\/schema\/logo\/image\/\",\"url\":\"https:\/\/temporaire-locavert.fr\/wp-content\/uploads\/2026\/01\/cropped-adpmf-1-e1769248162178.jpg\",\"contentUrl\":\"https:\/\/temporaire-locavert.fr\/wp-content\/uploads\/2026\/01\/cropped-adpmf-1-e1769248162178.jpg\",\"width\":487,\"height\":243,\"caption\":\"Locavert\"},\"image\":{\"@id\":\"https:\/\/temporaire-locavert.fr\/#\/schema\/logo\/image\/\"}}]}<\/script>\n<!-- \/ Yoast SEO plugin. -->","yoast_head_json":{"title":"Documentation - ADPMF","robots":{"index":"index","follow":"follow","max-snippet":"max-snippet:-1","max-image-preview":"max-image-preview:large","max-video-preview":"max-video-preview:-1"},"canonical":"https:\/\/temporaire-locavert.fr\/index.php\/documentation\/","og_locale":"en_US","og_type":"article","og_title":"Documentation - ADPMF","og_description":"Documentation Documentation Modalit\u00e9s Le premier rendez-vous d\u2019information est gratuit et confidentiel. Le programme consiste en 3 \u00e0 8 entretiens d\u2019environ 1h30 \u00e0 2h chacun, au rythme d\u2019une rencontre tous les 15 jours en moyenne. Co\u00fbt La participation financi\u00e8re est d\u00e9finie lors du premier rendez-vous en fonction des revenus de chacun, selon un bar\u00e8me officiel \u00e9tabli [&hellip;]","og_url":"https:\/\/temporaire-locavert.fr\/index.php\/documentation\/","og_site_name":"ADPMF","article_modified_time":"2026-01-27T12:15:45+00:00","twitter_card":"summary_large_image","twitter_misc":{"Est. reading time":"2 minutes"},"schema":{"@context":"https:\/\/schema.org","@graph":[{"@type":"WebPage","@id":"https:\/\/temporaire-locavert.fr\/index.php\/documentation\/","url":"https:\/\/temporaire-locavert.fr\/index.php\/documentation\/","name":"Documentation - ADPMF","isPartOf":{"@id":"https:\/\/temporaire-locavert.fr\/#website"},"datePublished":"2022-08-03T20:09:52+00:00","dateModified":"2026-01-27T12:15:45+00:00","breadcrumb":{"@id":"https:\/\/temporaire-locavert.fr\/index.php\/documentation\/#breadcrumb"},"inLanguage":"en-US","potentialAction":[{"@type":"ReadAction","target":["https:\/\/temporaire-locavert.fr\/index.php\/documentation\/"]}]},{"@type":"BreadcrumbList","@id":"https:\/\/temporaire-locavert.fr\/index.php\/documentation\/#breadcrumb","itemListElement":[{"@type":"ListItem","position":1,"name":"Home","item":"https:\/\/temporaire-locavert.fr\/"},{"@type":"ListItem","position":2,"name":"Documentation"}]},{"@type":"WebSite","@id":"https:\/\/temporaire-locavert.fr\/#website","url":"https:\/\/temporaire-locavert.fr\/","name":"Locavertfouque","description":"M\u00e9diation familiale","publisher":{"@id":"https:\/\/temporaire-locavert.fr\/#organization"},"potentialAction":[{"@type":"SearchAction","target":{"@type":"EntryPoint","urlTemplate":"https:\/\/temporaire-locavert.fr\/?s={search_term_string}"},"query-input":{"@type":"PropertyValueSpecification","valueRequired":true,"valueName":"search_term_string"}}],"inLanguage":"en-US"},{"@type":"Organization","@id":"https:\/\/temporaire-locavert.fr\/#organization","name":"Locavert","url":"https:\/\/temporaire-locavert.fr\/","logo":{"@type":"ImageObject","inLanguage":"en-US","@id":"https:\/\/temporaire-locavert.fr\/#\/schema\/logo\/image\/","url":"https:\/\/temporaire-locavert.fr\/wp-content\/uploads\/2026\/01\/cropped-adpmf-1-e1769248162178.jpg","contentUrl":"https:\/\/temporaire-locavert.fr\/wp-content\/uploads\/2026\/01\/cropped-adpmf-1-e1769248162178.jpg","width":487,"height":243,"caption":"Locavert"},"image":{"@id":"https:\/\/temporaire-locavert.fr\/#\/schema\/logo\/image\/"}}]}},"_links":{"self":[{"href":"https:\/\/temporaire-locavert.fr\/index.php\/wp-json\/wp\/v2\/pages\/536","targetHints":{"allow":["GET"]}}],"collection":[{"href":"https:\/\/temporaire-locavert.fr\/index.php\/wp-json\/wp\/v2\/pages"}],"about":[{"href":"https:\/\/temporaire-locavert.fr\/index.php\/wp-json\/wp\/v2\/types\/page"}],"author":[{"embeddable":true,"href":"https:\/\/temporaire-locavert.fr\/index.php\/wp-json\/wp\/v2\/users\/1"}],"replies":[{"embeddable":true,"href":"https:\/\/temporaire-locavert.fr\/index.php\/wp-json\/wp\/v2\/comments?post=536"}],"version-history":[{"count":45,"href":"https:\/\/temporaire-locavert.fr\/index.php\/wp-json\/wp\/v2\/pages\/536\/revisions"}],"predecessor-version":[{"id":1703,"href":"https:\/\/temporaire-locavert.fr\/index.php\/wp-json\/wp\/v2\/pages\/536\/revisions\/1703"}],"wp:attachment":[{"href":"https:\/\/temporaire-locavert.fr\/index.php\/wp-json\/wp\/v2\/media?parent=536"}],"curies":[{"name":"wp","href":"https:\/\/api.w.org\/{rel}","templated":true}]}}